{"id":15,"date":"2014-11-11T11:14:30","date_gmt":"2014-11-11T10:14:30","guid":{"rendered":"http:\/\/anpsthemes.com\/constructo\/?page_id=15"},"modified":"2024-03-25T05:33:37","modified_gmt":"2024-03-25T04:33:37","slug":"kontakt","status":"publish","type":"page","link":"https:\/\/detektywbrzozowski.pl\/?page_id=15","title":{"rendered":"Kontakt"},"content":{"rendered":"<p>[vc_row full_width=&#8221;stretch_row_content_no_spaces&#8221; has_content=&#8221;false&#8221; css=&#8221;.vc_custom_1476795328784{margin-bottom: 60px !important;}&#8221;][vc_column]<div class='map' id='map1' style='height: 550px;' data-type='ROADMAP' data-zoom='13' data-scroll='true' data-icon='https:\/\/detektywbrzozowski.pl\/wp-content\/themes\/constructo\/images\/gmap\/map-pin.png' data-address='ul. Reymonta 38\/6 Siemianowice \u015al\u0105skie'><\/div>[\/vc_column][\/vc_row][vc_row css=&#8221;.vc_custom_1418807519392{margin-top: 20px !important;}&#8221; has_content=&#8221;true&#8221;][vc_column width=&#8221;2\/3&#8243;]<h4 class='heading-content  style-1' ><span>WY\u015aLIJ WIADOMO\u015a\u0106<\/span><\/h4>[vc_empty_space height=&#8221;15px&#8221;][vc_column_text]Je\u015bli zainteresowa\u0142a Pa\u0144stwa nasza oferta, b\u0105d\u017a chcieliby Pa\u0144stwo uzyska\u0107 szczeg\u00f3\u0142owe informacje na temat naszych us\u0142ug, gor\u0105co zach\u0119camy do skontaktowania si\u0119 z nami telefonicznie, mailowo, lub za pomoc\u0105 tego formularza kontaktowego.[\/vc_column_text]\n<div class=\"wpcf7 no-js\" id=\"wpcf7-f2359-o1\" lang=\"pl-PL\" dir=\"ltr\">\n<div class=\"screen-reader-response\"><p role=\"status\" aria-live=\"polite\" aria-atomic=\"true\"><\/p> <ul><\/ul><\/div>\n<form action=\"\/index.php?rest_route=%2Fwp%2Fv2%2Fpages%2F15#wpcf7-f2359-o1\" method=\"post\" class=\"wpcf7-form init\" aria-label=\"Formularz kontaktowy\" novalidate=\"novalidate\" data-status=\"init\">\n<div style=\"display: none;\">\n<input type=\"hidden\" name=\"_wpcf7\" value=\"2359\" \/>\n<input type=\"hidden\" name=\"_wpcf7_version\" value=\"5.9.2\" \/>\n<input type=\"hidden\" name=\"_wpcf7_locale\" value=\"pl_PL\" \/>\n<input type=\"hidden\" name=\"_wpcf7_unit_tag\" value=\"wpcf7-f2359-o1\" \/>\n<input type=\"hidden\" name=\"_wpcf7_container_post\" value=\"0\" \/>\n<input type=\"hidden\" name=\"_wpcf7_posted_data_hash\" value=\"\" \/>\n<\/div>\n<p><label> Imi\u0119 i nazwisko (wymagane)<br \/>\n<span class=\"wpcf7-form-control-wrap\" data-name=\"your-name\"><input size=\"40\" class=\"wpcf7-form-control wpcf7-text wpcf7-validates-as-required\" aria-required=\"true\" aria-invalid=\"false\" value=\"\" type=\"text\" name=\"your-name\" \/><\/span> <\/label><br \/>\n<label> Adres email (wymagane)<br \/>\n<span class=\"wpcf7-form-control-wrap\" data-name=\"your-email\"><input size=\"40\" class=\"wpcf7-form-control wpcf7-email wpcf7-validates-as-required wpcf7-text wpcf7-validates-as-email\" aria-required=\"true\" aria-invalid=\"false\" value=\"\" type=\"email\" name=\"your-email\" \/><\/span> <\/label><br \/>\n<label> Temat<br \/>\n<span class=\"wpcf7-form-control-wrap\" data-name=\"your-subject\"><input size=\"40\" class=\"wpcf7-form-control wpcf7-text\" aria-invalid=\"false\" value=\"\" type=\"text\" name=\"your-subject\" \/><\/span> <\/label><br \/>\n<label> Tre\u015b\u0107 wiadomo\u015bci<br \/>\n<span class=\"wpcf7-form-control-wrap\" data-name=\"your-message\"><textarea cols=\"40\" rows=\"10\" class=\"wpcf7-form-control wpcf7-textarea\" aria-invalid=\"false\" name=\"your-message\"><\/textarea><\/span> <\/label><br \/>\n<input class=\"wpcf7-form-control wpcf7-submit has-spinner\" type=\"submit\" value=\"Wy\u015blij\" \/>\n<\/p><div class=\"wpcf7-response-output\" aria-hidden=\"true\"><\/div>\n<\/form>\n<\/div>\n[\/vc_column][vc_column width=&#8221;1\/3&#8243;]<h4 class='heading-content  style-1' ><span>DANE FIRMY<\/span><\/h4>[vc_empty_space height=&#8221;15px&#8221;][vc_column_text]Kancelaria Windykacyjno-Detektywistyczna BRZOZOWSKI DAMIAN BRZOZOWSKI<\/p>\n<p>ul. Nowy \u015awiat 28D<br \/>\n41-706 Ruda \u015al\u0105ska<\/p>\n<p><strong>Numer telefonu:<\/strong><\/p>\n<p>+48 889 693 893<\/p>\n<p><strong>E-mail:<\/strong><\/p>\n<p>biuro@detektywbrzozowski.pl<\/p>\n<p><strong>Witryna:<\/strong><\/p>\n<p><a href=\"http:\/\/detektywbrzozowski.pl\/\">www.detektywbrzozowski.pl<\/a><\/p>\n<p><strong>Facebook:<\/strong><\/p>\n<p><a href=\"https:\/\/www.facebook.com\/KancelariaBRZOZOWSKI\">KancelariaBRZOZOWSKI<\/a>[\/vc_column_text][vc_empty_space height=&#8221;15px&#8221;][\/vc_column][\/vc_row]<\/p>\n","protected":false},"excerpt":{"rendered":"<p>[vc_row full_width=&#8221;stretch_row_content_no_spaces&#8221; has_content=&#8221;false&#8221; css=&#8221;.vc_custom_1476795328784{margin-bottom: 60px !important;}&#8221;][vc_column][\/vc_column][\/vc_row][vc_row css=&#8221;.vc_custom_1418807519392{margin-top: 20px !important;}&#8221; has_content=&#8221;true&#8221;][vc_column width=&#8221;2\/3&#8243;][vc_empty_space height=&#8221;15px&#8221;][vc_column_text]Je\u015bli zainteresowa\u0142a Pa\u0144stwa nasza oferta, b\u0105d\u017a chcieliby Pa\u0144stwo uzyska\u0107 szczeg\u00f3\u0142owe informacje na temat naszych us\u0142ug, gor\u0105co zach\u0119camy do skontaktowania si\u0119 z nami telefonicznie, mailowo, lub za pomoc\u0105 tego formularza&#8230;<\/p>\n","protected":false},"author":1,"featured_media":0,"parent":0,"menu_order":0,"comment_status":"closed","ping_status":"closed","template":"","meta":{"footnotes":""},"_links":{"self":[{"href":"https:\/\/detektywbrzozowski.pl\/index.php?rest_route=\/wp\/v2\/pages\/15"}],"collection":[{"href":"https:\/\/detektywbrzozowski.pl\/index.php?rest_route=\/wp\/v2\/pages"}],"about":[{"href":"https:\/\/detektywbrzozowski.pl\/index.php?rest_route=\/wp\/v2\/types\/page"}],"author":[{"embeddable":true,"href":"https:\/\/detektywbrzozowski.pl\/index.php?rest_route=\/wp\/v2\/users\/1"}],"replies":[{"embeddable":true,"href":"https:\/\/detektywbrzozowski.pl\/index.php?rest_route=%2Fwp%2Fv2%2Fcomments&post=15"}],"version-history":[{"count":9,"href":"https:\/\/detektywbrzozowski.pl\/index.php?rest_route=\/wp\/v2\/pages\/15\/revisions"}],"predecessor-version":[{"id":2365,"href":"https:\/\/detektywbrzozowski.pl\/index.php?rest_route=\/wp\/v2\/pages\/15\/revisions\/2365"}],"wp:attachment":[{"href":"https:\/\/detektywbrzozowski.pl\/index.php?rest_route=%2Fwp%2Fv2%2Fmedia&parent=15"}],"curies":[{"name":"wp","href":"https:\/\/api.w.org\/{rel}","templated":true}]}}