{"id":1909,"date":"2019-08-07T20:55:12","date_gmt":"2019-08-07T18:55:12","guid":{"rendered":"http:\/\/wordpress1956889.home.pl\/autoinstalator\/wordpressplugins\/?page_id=1909"},"modified":"2024-03-21T01:04:24","modified_gmt":"2024-03-21T00:04:24","slug":"o-mnie","status":"publish","type":"page","link":"https:\/\/detektywbrzozowski.pl\/?page_id=1909","title":{"rendered":"O mnie"},"content":{"rendered":"<p>[vc_row full_width=&#8221;stretch_row_content_no_spaces&#8221;][vc_column][vc_empty_space height=&#8221;72px&#8221;][vc_custom_heading text=&#8221;W kilku s\u0142owach o&#8230;&#8221; font_container=&#8221;tag:h4|font_size:18px|text_align:center&#8221; use_theme_fonts=&#8221;yes&#8221;][vc_separator color=&#8221;custom&#8221; el_width=&#8221;10&#8243; accent_color=&#8221;#f86e2f&#8221;][vc_custom_heading text=&#8221;NASZEJ DZIA\u0141ALNO\u015aCI&#8221; font_container=&#8221;tag:h3|font_size:34px|text_align:center|color:%23f86e2f&#8221; google_fonts=&#8221;font_family:Open%20Sans%3A300%2C300italic%2Cregular%2Citalic%2C600%2C600italic%2C700%2C700italic%2C800%2C800italic|font_style:600%20bold%20regular%3A600%3Anormal&#8221;][vc_empty_space height=&#8221;72px&#8221;][\/vc_column][\/vc_row][vc_row][vc_column width=&#8221;1\/2&#8243;][vc_single_image image=&#8221;2013&#8243; img_size=&#8221;full&#8221;][\/vc_column][vc_column width=&#8221;1\/2&#8243;][vc_column_text]Firma powsta\u0142a z my\u015bl\u0105 o zapewnieniu Klientom kompleksowej obs\u0142ugi procesu windykacji od sprawdzenia kontrahenta przed podpisaniem umowy, poprzez monitoring wystawionych faktur, a\u017c do egzekucji w\u0142\u0105cznie, je\u015bli oka\u017ce si\u0119 to konieczne.<\/p>\n<p>Ponadto \u015bwiadczymy r\u00f3wnie\u017c us\u0142ugi o charakterze detektywistycznym. Ca\u0142y proces obywa si\u0119 z udzia\u0142em licencjonowanego detektywa. Dzi\u0119ki temu zyskuj\u0105 Pa\u0144stwo profesjonalne i skuteczne narz\u0119dzie do zarz\u0105dzania nale\u017cno\u015bciami.<\/p>\n<p>Nasi Klienci powierzaj\u0105c nam swoje wierzytelno\u015bci maj\u0105 pewno\u015b\u0107, \u017ce proces windykacji nie zako\u0144czy si\u0119 na wys\u0142aniu wezwania do zap\u0142aty. System on-line pozwoli na bie\u017c\u0105co w czasie rzeczywistym \u015bledzi\u0107 post\u0119py w sprawach. Nasze do\u015bwiadczenie pozwala nam oferowa\u0107 klientom r\u00f3\u017cnorodne us\u0142ugi, zwi\u0105zane z windykowaniem nale\u017cno\u015bci, us\u0142ugami detektywistycznymi, finansowaniem dzia\u0142alno\u015bci i zarz\u0105dzaniem wierzytelno\u015bciami.[\/vc_column_text][\/vc_column][\/vc_row][vc_row][vc_column][vc_column_text]Korzystaj\u0105c z posiadanej wiedzy i bogatego do\u015bwiadczenia &#8211; dbamy o to, by proponowane dla Pa\u0144stwa rozwi\u0105zania by\u0142y najlepszymi dost\u0119pnymi na rynku.<\/p>\n<p>Dzia\u0142amy zgodnie z prawem polskim oraz zasadami etyki. Dla nas najwa\u017cniejsze s\u0105 interesy naszych Klient\u00f3w. Stawiamy na wzajemny szacunek, wymian\u0119 pogl\u0105d\u00f3w, ci\u0105g\u0142e podnoszenie kwalifikacji oraz profesjonalizm.[\/vc_column_text][\/vc_column][\/vc_row]<\/p>\n","protected":false},"excerpt":{"rendered":"<p>[vc_row full_width=&#8221;stretch_row_content_no_spaces&#8221;][vc_column][vc_empty_space height=&#8221;72px&#8221;][vc_custom_heading text=&#8221;W kilku s\u0142owach o&#8230;&#8221; font_container=&#8221;tag:h4|font_size:18px|text_align:center&#8221; use_theme_fonts=&#8221;yes&#8221;][vc_separator color=&#8221;custom&#8221; el_width=&#8221;10&#8243; accent_color=&#8221;#f86e2f&#8221;][vc_custom_heading text=&#8221;NASZEJ DZIA\u0141ALNO\u015aCI&#8221; font_container=&#8221;tag:h3|font_size:34px|text_align:center|color:%23f86e2f&#8221; google_fonts=&#8221;font_family:Open%20Sans%3A300%2C300italic%2Cregular%2Citalic%2C600%2C600italic%2C700%2C700italic%2C800%2C800italic|font_style:600%20bold%20regular%3A600%3Anormal&#8221;][vc_empty_space height=&#8221;72px&#8221;][\/vc_column][\/vc_row][vc_row][vc_column width=&#8221;1\/2&#8243;][vc_single_image image=&#8221;2013&#8243; img_size=&#8221;full&#8221;][\/vc_column][vc_column width=&#8221;1\/2&#8243;][vc_column_text]Firma powsta\u0142a z my\u015bl\u0105 o zapewnieniu Klientom kompleksowej obs\u0142ugi procesu windykacji od sprawdzenia kontrahenta przed podpisaniem umowy, poprzez monitoring wystawionych&#8230;<\/p>\n","protected":false},"author":1,"featured_media":0,"parent":0,"menu_order":0,"comment_status":"closed","ping_status":"closed","template":"..\/public\/views\/revslider-page-template.php","meta":{"footnotes":""},"_links":{"self":[{"href":"https:\/\/detektywbrzozowski.pl\/index.php?rest_route=\/wp\/v2\/pages\/1909"}],"collection":[{"href":"https:\/\/detektywbrzozowski.pl\/index.php?rest_route=\/wp\/v2\/pages"}],"about":[{"href":"https:\/\/detektywbrzozowski.pl\/index.php?rest_route=\/wp\/v2\/types\/page"}],"author":[{"embeddable":true,"href":"https:\/\/detektywbrzozowski.pl\/index.php?rest_route=\/wp\/v2\/users\/1"}],"replies":[{"embeddable":true,"href":"https:\/\/detektywbrzozowski.pl\/index.php?rest_route=%2Fwp%2Fv2%2Fcomments&post=1909"}],"version-history":[{"count":10,"href":"https:\/\/detektywbrzozowski.pl\/index.php?rest_route=\/wp\/v2\/pages\/1909\/revisions"}],"predecessor-version":[{"id":2037,"href":"https:\/\/detektywbrzozowski.pl\/index.php?rest_route=\/wp\/v2\/pages\/1909\/revisions\/2037"}],"wp:attachment":[{"href":"https:\/\/detektywbrzozowski.pl\/index.php?rest_route=%2Fwp%2Fv2%2Fmedia&parent=1909"}],"curies":[{"name":"wp","href":"https:\/\/api.w.org\/{rel}","templated":true}]}}