{"id":2026,"date":"2019-08-08T18:32:17","date_gmt":"2019-08-08T16:32:17","guid":{"rendered":"http:\/\/detektywbrzozowski.pl\/?page_id=2026"},"modified":"2019-08-08T19:18:49","modified_gmt":"2019-08-08T17:18:49","slug":"windykacja","status":"publish","type":"page","link":"https:\/\/detektywbrzozowski.pl\/?page_id=2026","title":{"rendered":"Windykacja"},"content":{"rendered":"<p>[vc_row full_width=&#8221;stretch_row_content_no_spaces&#8221;][vc_column][vc_empty_space height=&#8221;72px&#8221;][vc_custom_heading text=&#8221;Egzekwowanie nale\u017cno\u015bci&#8221; font_container=&#8221;tag:h4|font_size:18px|text_align:center&#8221; use_theme_fonts=&#8221;yes&#8221;][vc_separator color=&#8221;custom&#8221; el_width=&#8221;10&#8243; accent_color=&#8221;#f86e2f&#8221;][vc_custom_heading text=&#8221;SKUTECZNA WINDYKACJA&#8221; font_container=&#8221;tag:h3|font_size:34px|text_align:center|color:%23f86e2f&#8221; google_fonts=&#8221;font_family:Open%20Sans%3A300%2C300italic%2Cregular%2Citalic%2C600%2C600italic%2C700%2C700italic%2C800%2C800italic|font_style:600%20bold%20regular%3A600%3Anormal&#8221;][vc_empty_space height=&#8221;72px&#8221;][\/vc_column][\/vc_row][vc_row][vc_column width=&#8221;1\/2&#8243;][vc_single_image image=&#8221;2015&#8243; img_size=&#8221;full&#8221;][\/vc_column][vc_column width=&#8221;1\/2&#8243;][vc_column_text]<\/p>\r\n<p>Windykacja to dochodzenie roszcze\u0144 z wykorzystaniem \u015brodk\u00f3w przewidzianych w przepisach prawnych.<\/p>\r\n<p>Skuteczne egzekwowanie wierzytelno\u015bci, zgodnie z procedurami, prawem i zasadami etyki, umo\u017cliwia zachowanie p\u0142ynno\u015bci finansowej os\u00f3b fizycznych i przedsi\u0119biorstw, staraj\u0105cych si\u0119 o odzyskanie swoich nale\u017cno\u015bci. Czasami zwr\u00f3cenie si\u0119 do firmy windykacyjnej jest najlepszym rozwi\u0105zaniem, by cel ten osi\u0105gn\u0105\u0107 szybko i mo\u017cliwie najmniejszym nak\u0142adem \u015brodk\u00f3w i czasu.<\/p>\r\n<p>Trzeba jednak pami\u0119ta\u0107, \u017ce windykacja to nie tylko odzyskiwanie d\u0142ug\u00f3w. Zad\u0142u\u017cenie powstaje ju\u017c w momencie zawarcia umowy, wydania towaru, wystawienia faktury.<\/p>\r\n<p>Nasza firma oferuje Pa\u0144stwu us\u0142ugi, kt\u00f3re wymagaj\u0105 cz\u0119sto fachowej wiedzy i do\u015bwiadczenia. Warto wi\u0119c przemy\u015ble\u0107 mo\u017cliwo\u015b\u0107 zwr\u00f3cenia si\u0119 do nas w celu zweryfikowania problemu i podj\u0119cia skutecznych dzia\u0142a\u0144 wobec d\u0142u\u017cnika.<\/p>\r\n<p>[\/vc_column_text][\/vc_column][\/vc_row][vc_row][vc_column][vc_column_text]<\/p>\r\n<p>Monitoring jest jedn\u0105 z us\u0142ug windykacyjnych, kt\u00f3ra ma za zadanie regularne kontrolowanie p\u0142atno\u015bci d\u0142u\u017cnika. Pozwala to unikn\u0105\u0107 op\u00f3\u017anie\u0144 w terminowym sp\u0142acaniu nale\u017cno\u015bci oraz dzia\u0142a mobilizuj\u0105co na zad\u0142u\u017conego. Dzi\u0119ki us\u0142udze monitoringu oszcz\u0119dzamy pieni\u0105dze i cenny czas. <br \/>Dzia\u0142anie to ma przede wszystkim charakter prewencyjny.<\/p>\r\n<p>Przy monitoringu wykorzystujemy:<\/p>\r\n<ul>\r\n<li>Piecz\u0119\u0107 windykacyjn\u0105, stosowan\u0105 szczeg\u00f3lnie na wystawianych przez wierzyciela<br \/>fakturach VAT,<\/li>\r\n<li>Rozmow\u0119 telefoniczn\u0105 lub e-mail z przypomnieniem o zbli\u017caj\u0105cym si\u0119 terminie p\u0142atno\u015bci,<\/li>\r\n<li>Monit telefoniczny, b\u0105d\u017a wys\u0142any drog\u0105 elektroniczn\u0105 w przypadku op\u00f3\u017anienia w regulowaniu nale\u017cno\u015bci,<\/li>\r\n<li>Warto pomy\u015ble\u0107 o zabezpieczeniu swojej firmy us\u0142ug\u0105 monitoringu, kt\u00f3ra, nie uderzaj\u0105c w d\u0142u\u017cnika, jednocze\u015bnie dba o jako\u015b\u0107 sp\u0142acania zobowi\u0105za\u0144 wobec firmy.<\/li>\r\n<\/ul>\r\n<p>[\/vc_column_text][\/vc_column][\/vc_row]<\/p>","protected":false},"excerpt":{"rendered":"<p>[vc_row full_width=&#8221;stretch_row_content_no_spaces&#8221;][vc_column][vc_empty_space height=&#8221;72px&#8221;][vc_custom_heading text=&#8221;Egzekwowanie nale\u017cno\u015bci&#8221; font_container=&#8221;tag:h4|font_size:18px|text_align:center&#8221; use_theme_fonts=&#8221;yes&#8221;][vc_separator color=&#8221;custom&#8221; el_width=&#8221;10&#8243; accent_color=&#8221;#f86e2f&#8221;][vc_custom_heading text=&#8221;SKUTECZNA WINDYKACJA&#8221; font_container=&#8221;tag:h3|font_size:34px|text_align:center|color:%23f86e2f&#8221; google_fonts=&#8221;font_family:Open%20Sans%3A300%2C300italic%2Cregular%2Citalic%2C600%2C600italic%2C700%2C700italic%2C800%2C800italic|font_style:600%20bold%20regular%3A600%3Anormal&#8221;][vc_empty_space height=&#8221;72px&#8221;][\/vc_column][\/vc_row][vc_row][vc_column width=&#8221;1\/2&#8243;][vc_single_image image=&#8221;2015&#8243; img_size=&#8221;full&#8221;][\/vc_column][vc_column width=&#8221;1\/2&#8243;][vc_column_text] Windykacja to dochodzenie roszcze\u0144 z wykorzystaniem \u015brodk\u00f3w przewidzianych w przepisach prawnych. Skuteczne egzekwowanie wierzytelno\u015bci, zgodnie z procedurami, prawem i zasadami etyki,&#8230;<\/p>\n","protected":false},"author":1,"featured_media":0,"parent":0,"menu_order":0,"comment_status":"closed","ping_status":"closed","template":"","meta":{"footnotes":""},"_links":{"self":[{"href":"https:\/\/detektywbrzozowski.pl\/index.php?rest_route=\/wp\/v2\/pages\/2026"}],"collection":[{"href":"https:\/\/detektywbrzozowski.pl\/index.php?rest_route=\/wp\/v2\/pages"}],"about":[{"href":"https:\/\/detektywbrzozowski.pl\/index.php?rest_route=\/wp\/v2\/types\/page"}],"author":[{"embeddable":true,"href":"https:\/\/detektywbrzozowski.pl\/index.php?rest_route=\/wp\/v2\/users\/1"}],"replies":[{"embeddable":true,"href":"https:\/\/detektywbrzozowski.pl\/index.php?rest_route=%2Fwp%2Fv2%2Fcomments&post=2026"}],"version-history":[{"count":4,"href":"https:\/\/detektywbrzozowski.pl\/index.php?rest_route=\/wp\/v2\/pages\/2026\/revisions"}],"predecessor-version":[{"id":2044,"href":"https:\/\/detektywbrzozowski.pl\/index.php?rest_route=\/wp\/v2\/pages\/2026\/revisions\/2044"}],"wp:attachment":[{"href":"https:\/\/detektywbrzozowski.pl\/index.php?rest_route=%2Fwp%2Fv2%2Fmedia&parent=2026"}],"curies":[{"name":"wp","href":"https:\/\/api.w.org\/{rel}","templated":true}]}}