{"id":2033,"date":"2019-08-08T18:44:53","date_gmt":"2019-08-08T16:44:53","guid":{"rendered":"http:\/\/detektywbrzozowski.pl\/?page_id=2033"},"modified":"2019-08-08T19:21:38","modified_gmt":"2019-08-08T17:21:38","slug":"pozyczka","status":"publish","type":"page","link":"https:\/\/detektywbrzozowski.pl\/?page_id=2033","title":{"rendered":"Po\u017cyczka"},"content":{"rendered":"<p>[vc_row full_width=&#8221;stretch_row_content_no_spaces&#8221;][vc_column][vc_empty_space height=&#8221;72px&#8221;][vc_custom_heading text=&#8221;Wsparcie finansowe dla zad\u0142u\u017conych &#8221; font_container=&#8221;tag:h4|font_size:18px|text_align:center&#8221; use_theme_fonts=&#8221;yes&#8221;][vc_separator color=&#8221;custom&#8221; el_width=&#8221;10&#8243; accent_color=&#8221;#f86e2f&#8221;][vc_custom_heading text=&#8221;SZYBKA PO\u017bYCZKA&#8221; font_container=&#8221;tag:h3|font_size:34px|text_align:center|color:%23f86e2f&#8221; google_fonts=&#8221;font_family:Open%20Sans%3A300%2C300italic%2Cregular%2Citalic%2C600%2C600italic%2C700%2C700italic%2C800%2C800italic|font_style:600%20bold%20regular%3A600%3Anormal&#8221;][vc_empty_space height=&#8221;72px&#8221;][\/vc_column][\/vc_row][vc_row][vc_column width=&#8221;1\/2&#8243;][vc_single_image image=&#8221;2014&#8243; img_size=&#8221;full&#8221;][\/vc_column][vc_column width=&#8221;1\/2&#8243;][vc_column_text]<\/p>\n<p>K\u0142opoty finansowe mog\u0105 dosi\u0119gn\u0105\u0107 ka\u017cdego cz\u0142owieka. Wystarczy, \u017ce pojawi si\u0119 niespodziewana awaria w domu, konieczno\u015b\u0107 dokonania nieplanowanego zakupu, komplikacje zdrowotne. Sytuacji, kt\u00f3re wymagaj\u0105 pilnego dop\u0142ywu got\u00f3wki, jest naprawd\u0119 wiele i nie zawsze da si\u0119 ich unikn\u0105\u0107, b\u0105d\u017a przygotowa\u0107 si\u0119 na ich nadej\u015bcie. Cz\u0119sto jedynym sposobem, by zdoby\u0107 potrzebne \u015brodki, okazuje si\u0119 po\u017cyczka.<\/p>\n<p>Wi\u0119kszo\u015b\u0107 os\u00f3b chc\u0105cych zaci\u0105gn\u0105\u0107 po\u017cyczk\u0119, udaje si\u0119 do banku, gdy\u017c jest to pierwsze miejsce, jakie si\u0119 nam kojarzy. Proces uzyskania kredytu w banku jest obwarowany \u015bcis\u0142ymi procedurami, kt\u00f3re reguluje prawo bankowe. W zwi\u0105zku z tym osoby, kt\u00f3re nie spe\u0142niaj\u0105 kryteri\u00f3w uwzgl\u0119dnianych przy udzielaniu kredytu, pieni\u0119dzy nie otrzymaj\u0105.<\/p>\n<p>Powody odmowy bywaj\u0105 r\u00f3\u017cnorodne, do najcz\u0119\u015bciej wymienianych zalicza si\u0119: brak zatrudnienia, brak umowy o prac\u0119, niskie zarobki, inne obci\u0105\u017cenia kredytowe, niepomy\u015blna weryfikacja w BIK, brak zdolno\u015bci kredytowej.<\/p>\n<p>[\/vc_column_text][\/vc_column][\/vc_row][vc_row][vc_column][vc_column_text]<\/p>\n<p>Warunki otrzymania po\u017cyczki to:<\/p>\n<ul>\n<li>konieczno\u015b\u0107 posiadania dowodu osobistego<\/li>\n<li>konieczno\u015b\u0107 posiadania rachunku bankowego<\/li>\n<li>wiek po\u017cyczkobiorcy \u2013 najcz\u0119\u015bciej 20-65 lat<\/li>\n<\/ul>\n<p>Wysoko\u015b\u0107 udzielonej po\u017cyczki jest uzale\u017cniona od sytuacji finansowej klienta. Zawsze staramy si\u0119 zaspokoi\u0107 potrzeby ale r\u00f3wnie\u017c nie spowodowa\u0107 pogorszenia sytuacji finansowej. Po\u017cyczka udzielona przez nasz\u0105 firm\u0119 ma za zadanie pom\u00f3c w trudnej sytuacji jakiej znalaz\u0142 si\u0119 po\u017cyczkobiorca.<\/p>\n<p>Osoby, kt\u00f3re decyduj\u0105 si\u0119 podj\u0105\u0107 po\u017cyczk\u0119 bez zdolno\u015bci kredytowej musz\u0105 pami\u0119ta\u0107, \u017ce jest to zobowi\u0105zanie finansowe jak ka\u017cde inne i nale\u017cy podej\u015b\u0107 do niego rzetelnie. Zanim podpisze si\u0119 jak\u0105kolwiek umow\u0119 po\u017cyczkow\u0105, nale\u017cy starannie przeanalizowa\u0107 swoj\u0105 sytuacj\u0119 materialn\u0105 i sprawdzi\u0107, czy na pewno podo\u0142a si\u0119 terminowej sp\u0142acie zad\u0142u\u017cenia. Ka\u017cda zawarta po\u017cyczka powinna si\u0119 wi\u0105za\u0107 z odpowiedzialn\u0105 i przemy\u015blan\u0105 decyzj\u0105.<\/p>\n<p>[\/vc_column_text][\/vc_column][\/vc_row]<\/p>\n","protected":false},"excerpt":{"rendered":"<p>[vc_row full_width=&#8221;stretch_row_content_no_spaces&#8221;][vc_column][vc_empty_space height=&#8221;72px&#8221;][vc_custom_heading text=&#8221;Wsparcie finansowe dla zad\u0142u\u017conych &#8221; font_container=&#8221;tag:h4|font_size:18px|text_align:center&#8221; use_theme_fonts=&#8221;yes&#8221;][vc_separator color=&#8221;custom&#8221; el_width=&#8221;10&#8243; accent_color=&#8221;#f86e2f&#8221;][vc_custom_heading text=&#8221;SZYBKA PO\u017bYCZKA&#8221; font_container=&#8221;tag:h3|font_size:34px|text_align:center|color:%23f86e2f&#8221; google_fonts=&#8221;font_family:Open%20Sans%3A300%2C300italic%2Cregular%2Citalic%2C600%2C600italic%2C700%2C700italic%2C800%2C800italic|font_style:600%20bold%20regular%3A600%3Anormal&#8221;][vc_empty_space height=&#8221;72px&#8221;][\/vc_column][\/vc_row][vc_row][vc_column width=&#8221;1\/2&#8243;][vc_single_image image=&#8221;2014&#8243; img_size=&#8221;full&#8221;][\/vc_column][vc_column width=&#8221;1\/2&#8243;][vc_column_text] K\u0142opoty finansowe mog\u0105 dosi\u0119gn\u0105\u0107 ka\u017cdego cz\u0142owieka. Wystarczy, \u017ce pojawi si\u0119 niespodziewana awaria w domu, konieczno\u015b\u0107 dokonania nieplanowanego zakupu,&#8230;<\/p>\n","protected":false},"author":1,"featured_media":0,"parent":0,"menu_order":0,"comment_status":"closed","ping_status":"closed","template":"","meta":{"footnotes":""},"_links":{"self":[{"href":"https:\/\/detektywbrzozowski.pl\/index.php?rest_route=\/wp\/v2\/pages\/2033"}],"collection":[{"href":"https:\/\/detektywbrzozowski.pl\/index.php?rest_route=\/wp\/v2\/pages"}],"about":[{"href":"https:\/\/detektywbrzozowski.pl\/index.php?rest_route=\/wp\/v2\/types\/page"}],"author":[{"embeddable":true,"href":"https:\/\/detektywbrzozowski.pl\/index.php?rest_route=\/wp\/v2\/users\/1"}],"replies":[{"embeddable":true,"href":"https:\/\/detektywbrzozowski.pl\/index.php?rest_route=%2Fwp%2Fv2%2Fcomments&post=2033"}],"version-history":[{"count":4,"href":"https:\/\/detektywbrzozowski.pl\/index.php?rest_route=\/wp\/v2\/pages\/2033\/revisions"}],"predecessor-version":[{"id":2054,"href":"https:\/\/detektywbrzozowski.pl\/index.php?rest_route=\/wp\/v2\/pages\/2033\/revisions\/2054"}],"wp:attachment":[{"href":"https:\/\/detektywbrzozowski.pl\/index.php?rest_route=%2Fwp%2Fv2%2Fmedia&parent=2033"}],"curies":[{"name":"wp","href":"https:\/\/api.w.org\/{rel}","templated":true}]}}