{"id":2045,"date":"2019-08-08T18:59:28","date_gmt":"2019-08-08T16:59:28","guid":{"rendered":"http:\/\/detektywbrzozowski.pl\/?page_id=2045"},"modified":"2019-10-20T12:16:39","modified_gmt":"2019-10-20T10:16:39","slug":"wierzytelnosci","status":"publish","type":"page","link":"https:\/\/detektywbrzozowski.pl\/?page_id=2045","title":{"rendered":"Wierzytelno\u015bci"},"content":{"rendered":"<p>[vc_row full_width=&#8221;stretch_row_content_no_spaces&#8221;][vc_column][vc_empty_space height=&#8221;72px&#8221;][vc_custom_heading text=&#8221;Pomagamy wierzycielom &#8221; font_container=&#8221;tag:h4|font_size:18px|text_align:center&#8221; use_theme_fonts=&#8221;yes&#8221;][vc_separator color=&#8221;custom&#8221; el_width=&#8221;10&#8243; accent_color=&#8221;#f86e2f&#8221;][vc_custom_heading text=&#8221;ZAKUP WIERZYTELNO\u015aCI&#8221; font_container=&#8221;tag:h3|font_size:34px|text_align:center|color:%23f86e2f&#8221; google_fonts=&#8221;font_family:Open%20Sans%3A300%2C300italic%2Cregular%2Citalic%2C600%2C600italic%2C700%2C700italic%2C800%2C800italic|font_style:600%20bold%20regular%3A600%3Anormal&#8221;][vc_empty_space height=&#8221;72px&#8221;][\/vc_column][\/vc_row][vc_row][vc_column width=&#8221;1\/2&#8243;][vc_single_image image=&#8221;2016&#8243; img_size=&#8221;full&#8221;][\/vc_column][vc_column width=&#8221;1\/2&#8243;][vc_column_text]Jednym z podstawowych cel\u00f3w sprawnie funkcjonuj\u0105cego przedsi\u0119biorstwa jest zapewnienie sobie p\u0142ynno\u015bci finansowej. Nale\u017cno\u015bci bez w\u0105tpienia nale\u017c\u0105 do kategorii aktyw\u00f3w o du\u017cej p\u0142ynno\u015bci. Jednak\u017ce nieregulowane przez odbiorc\u00f3w staj\u0105 si\u0119 aktywami nieefektywnymi, z zamro\u017conym kapita\u0142em, z kt\u00f3rego przedsi\u0119biorstwo nie mo\u017ce korzysta\u0107.<\/p>\n<p>Jedynym rozwi\u0105zaniem w takim przypadku jest w\u0142a\u015bnie up\u0142ynnienie nale\u017cno\u015bci. Nasza firma zajmuje si\u0119 skupowaniem d\u0142ug\u00f3w \u2013 nale\u017cno\u015bci pozostaj\u0105cych na etapie polubownym i w pe\u0142ni udokumentowanych. Wsp\u00f3\u0142pracuj\u0105c z nami, mo\u017cecie Pa\u0144stwo liczy\u0107 na gwarantowany zastrzyk got\u00f3wki w wysoko\u015bci uzgodnionej ceny wierzytelno\u015bci.<\/p>\n<p>Takie zadania sprzyjaj\u0105: ograniczeniu tworzenia rezerw z tytu\u0142u przeterminowanych nale\u017cno\u015bci oraz po sprzedaniu wierzytelno\u015bci automatycznie usuwane s\u0105 z bilansu.<\/p>\n<p>Je\u015bli chcieliby\u015bcie Pa\u0144stwo zarz\u0105dza\u0107 w powy\u017cszy spos\u00f3b swoj\u0105 p\u0142ynno\u015bci\u0105 finansow\u0105 jedynie okazjonalnie, jeste\u015bmy tak\u017ce zainteresowani transakcjami jednorazowymi, nie wymagamy z Pa\u0144stwa strony deklaracji d\u0142ugoterminowej wsp\u00f3\u0142pracy.[\/vc_column_text][\/vc_column][\/vc_row]<\/p>\n","protected":false},"excerpt":{"rendered":"<p>[vc_row full_width=&#8221;stretch_row_content_no_spaces&#8221;][vc_column][vc_empty_space height=&#8221;72px&#8221;][vc_custom_heading text=&#8221;Pomagamy wierzycielom &#8221; font_container=&#8221;tag:h4|font_size:18px|text_align:center&#8221; use_theme_fonts=&#8221;yes&#8221;][vc_separator color=&#8221;custom&#8221; el_width=&#8221;10&#8243; accent_color=&#8221;#f86e2f&#8221;][vc_custom_heading text=&#8221;ZAKUP WIERZYTELNO\u015aCI&#8221; font_container=&#8221;tag:h3|font_size:34px|text_align:center|color:%23f86e2f&#8221; google_fonts=&#8221;font_family:Open%20Sans%3A300%2C300italic%2Cregular%2Citalic%2C600%2C600italic%2C700%2C700italic%2C800%2C800italic|font_style:600%20bold%20regular%3A600%3Anormal&#8221;][vc_empty_space height=&#8221;72px&#8221;][\/vc_column][\/vc_row][vc_row][vc_column width=&#8221;1\/2&#8243;][vc_single_image image=&#8221;2016&#8243; img_size=&#8221;full&#8221;][\/vc_column][vc_column width=&#8221;1\/2&#8243;][vc_column_text]Jednym z podstawowych cel\u00f3w sprawnie funkcjonuj\u0105cego przedsi\u0119biorstwa jest zapewnienie sobie p\u0142ynno\u015bci finansowej. Nale\u017cno\u015bci bez w\u0105tpienia nale\u017c\u0105 do kategorii aktyw\u00f3w o du\u017cej&#8230;<\/p>\n","protected":false},"author":1,"featured_media":0,"parent":0,"menu_order":0,"comment_status":"closed","ping_status":"closed","template":"","meta":{"footnotes":""},"_links":{"self":[{"href":"https:\/\/detektywbrzozowski.pl\/index.php?rest_route=\/wp\/v2\/pages\/2045"}],"collection":[{"href":"https:\/\/detektywbrzozowski.pl\/index.php?rest_route=\/wp\/v2\/pages"}],"about":[{"href":"https:\/\/detektywbrzozowski.pl\/index.php?rest_route=\/wp\/v2\/types\/page"}],"author":[{"embeddable":true,"href":"https:\/\/detektywbrzozowski.pl\/index.php?rest_route=\/wp\/v2\/users\/1"}],"replies":[{"embeddable":true,"href":"https:\/\/detektywbrzozowski.pl\/index.php?rest_route=%2Fwp%2Fv2%2Fcomments&post=2045"}],"version-history":[{"count":5,"href":"https:\/\/detektywbrzozowski.pl\/index.php?rest_route=\/wp\/v2\/pages\/2045\/revisions"}],"predecessor-version":[{"id":2312,"href":"https:\/\/detektywbrzozowski.pl\/index.php?rest_route=\/wp\/v2\/pages\/2045\/revisions\/2312"}],"wp:attachment":[{"href":"https:\/\/detektywbrzozowski.pl\/index.php?rest_route=%2Fwp%2Fv2%2Fmedia&parent=2045"}],"curies":[{"name":"wp","href":"https:\/\/api.w.org\/{rel}","templated":true}]}}