{"id":2046,"date":"2019-08-08T19:17:45","date_gmt":"2019-08-08T17:17:45","guid":{"rendered":"http:\/\/detektywbrzozowski.pl\/?page_id=2046"},"modified":"2019-08-08T19:23:50","modified_gmt":"2019-08-08T17:23:50","slug":"uslugi-detektywistyczne","status":"publish","type":"page","link":"https:\/\/detektywbrzozowski.pl\/?page_id=2046","title":{"rendered":"Us\u0142ugi detektywistyczne"},"content":{"rendered":"<p>[vc_row full_width=&#8221;stretch_row_content_no_spaces&#8221;][vc_column][vc_empty_space height=&#8221;72px&#8221;][vc_custom_heading text=&#8221;Je\u017celi masz w\u0105tpliwo\u015bci&#8221; font_container=&#8221;tag:h4|font_size:18px|text_align:center&#8221; use_theme_fonts=&#8221;yes&#8221;][vc_separator color=&#8221;custom&#8221; el_width=&#8221;10&#8243; accent_color=&#8221;#f86e2f&#8221;][vc_custom_heading text=&#8221;US\u0141UGI DETEKTYWISTYCZNE&#8221; font_container=&#8221;tag:h3|font_size:34px|text_align:center|color:%23f86e2f&#8221; google_fonts=&#8221;font_family:Open%20Sans%3A300%2C300italic%2Cregular%2Citalic%2C600%2C600italic%2C700%2C700italic%2C800%2C800italic|font_style:600%20bold%20regular%3A600%3Anormal&#8221;][vc_empty_space height=&#8221;72px&#8221;][\/vc_column][\/vc_row][vc_row][vc_column width=&#8221;1\/2&#8243;][vc_single_image image=&#8221;2017&#8243; img_size=&#8221;full&#8221;][\/vc_column][vc_column width=&#8221;1\/2&#8243;][vc_column_text]Obserwacja os\u00f3b jest us\u0142ug\u0105 detektywistyczn\u0105, kt\u00f3ra wi\u0119kszo\u015bci z nas kojarzy si\u0119 jedynie z obserwacj\u0105 zlecon\u0105 przez osoby fizyczne. Jednak\u017ce obecnie, to coraz wi\u0119cej przedsi\u0119biorstw i zarazem pracodawc\u00f3w decyduje si\u0119 na podejmowanie tego typu krok\u00f3w.<\/p>\n<p>W biznesie ogromne znaczenie maj\u0105 ludzie, kt\u00f3rymi si\u0119 otaczamy i kt\u00f3rych zatrudniamy. Chc\u0105c zmniejszy\u0107 ryzyko osobowe i ekonomiczne, warto zbada\u0107 czy kontrahent, pracownik, a nawet kandydat do pracy jest faktycznie osob\u0105 za kt\u00f3r\u0105 si\u0119 przedstawia, czy nie podejmuje i w przysz\u0142o\u015bci nie b\u0119dzie podejmowa\u0142 dzia\u0142a\u0144 sprzecznych z polityk\u0105 Pa\u0144stwa firmy, konkurencyjnych lub innych o szkodliwym charakterze.<\/p>\n<p>Jeste\u015bmy dla Pa\u0144stwa by zapobiega\u0107 takim sytuacjom, zebra\u0107 wszelkie istotne informacje w spos\u00f3b rzetelny i dyskretny. Wsp\u00f3\u0142pracuj\u0105c z nami, mo\u017cecie by\u0107 Pa\u0144stwo pewni, \u017ce wszelkie zadania zostan\u0105 wykonane w pe\u0142ni profesjonalnie, skuteczna obserwacja detektywistyczna to jeden z naszych cel\u00f3w.[\/vc_column_text][\/vc_column][\/vc_row]<\/p>\n","protected":false},"excerpt":{"rendered":"<p>[vc_row full_width=&#8221;stretch_row_content_no_spaces&#8221;][vc_column][vc_empty_space height=&#8221;72px&#8221;][vc_custom_heading text=&#8221;Je\u017celi masz w\u0105tpliwo\u015bci&#8221; font_container=&#8221;tag:h4|font_size:18px|text_align:center&#8221; use_theme_fonts=&#8221;yes&#8221;][vc_separator color=&#8221;custom&#8221; el_width=&#8221;10&#8243; accent_color=&#8221;#f86e2f&#8221;][vc_custom_heading text=&#8221;US\u0141UGI DETEKTYWISTYCZNE&#8221; font_container=&#8221;tag:h3|font_size:34px|text_align:center|color:%23f86e2f&#8221; google_fonts=&#8221;font_family:Open%20Sans%3A300%2C300italic%2Cregular%2Citalic%2C600%2C600italic%2C700%2C700italic%2C800%2C800italic|font_style:600%20bold%20regular%3A600%3Anormal&#8221;][vc_empty_space height=&#8221;72px&#8221;][\/vc_column][\/vc_row][vc_row][vc_column width=&#8221;1\/2&#8243;][vc_single_image image=&#8221;2017&#8243; img_size=&#8221;full&#8221;][\/vc_column][vc_column width=&#8221;1\/2&#8243;][vc_column_text]Obserwacja os\u00f3b jest us\u0142ug\u0105 detektywistyczn\u0105, kt\u00f3ra wi\u0119kszo\u015bci z nas kojarzy si\u0119 jedynie z obserwacj\u0105 zlecon\u0105 przez osoby fizyczne. Jednak\u017ce obecnie, to&#8230;<\/p>\n","protected":false},"author":1,"featured_media":0,"parent":0,"menu_order":0,"comment_status":"closed","ping_status":"closed","template":"","meta":{"footnotes":""},"_links":{"self":[{"href":"https:\/\/detektywbrzozowski.pl\/index.php?rest_route=\/wp\/v2\/pages\/2046"}],"collection":[{"href":"https:\/\/detektywbrzozowski.pl\/index.php?rest_route=\/wp\/v2\/pages"}],"about":[{"href":"https:\/\/detektywbrzozowski.pl\/index.php?rest_route=\/wp\/v2\/types\/page"}],"author":[{"embeddable":true,"href":"https:\/\/detektywbrzozowski.pl\/index.php?rest_route=\/wp\/v2\/users\/1"}],"replies":[{"embeddable":true,"href":"https:\/\/detektywbrzozowski.pl\/index.php?rest_route=%2Fwp%2Fv2%2Fcomments&post=2046"}],"version-history":[{"count":3,"href":"https:\/\/detektywbrzozowski.pl\/index.php?rest_route=\/wp\/v2\/pages\/2046\/revisions"}],"predecessor-version":[{"id":2059,"href":"https:\/\/detektywbrzozowski.pl\/index.php?rest_route=\/wp\/v2\/pages\/2046\/revisions\/2059"}],"wp:attachment":[{"href":"https:\/\/detektywbrzozowski.pl\/index.php?rest_route=%2Fwp%2Fv2%2Fmedia&parent=2046"}],"curies":[{"name":"wp","href":"https:\/\/api.w.org\/{rel}","templated":true}]}}